{"id":119,"date":"2014-06-16T22:16:39","date_gmt":"2014-06-16T20:16:39","guid":{"rendered":"http:\/\/tapfere-schneiderlein-tour.de\/?page_id=119"},"modified":"2018-01-05T19:05:59","modified_gmt":"2018-01-05T17:05:59","slug":"ueber-uns","status":"publish","type":"page","link":"https:\/\/tapfere-schneiderlein-tour.de\/?page_id=119","title":{"rendered":"\u00dcBER UNS\/MICH"},"content":{"rendered":"<p>Die Idee der Tour wurde von mir (Guntram Liebig) im Jahr 2009 als reine Privataktion geboren, gilt als absolute sportliche Herausforderung und erf\u00e4hrt mittlerweile unter fahrradverr\u00fcckten Bekannten und Freunden gro\u00dfe Beliebtheit.<br \/>\nMein Anliegen war es dabei, Elemente wie Naturerlebnis, k\u00f6rperliche Ert\u00fcchtigung und Gruppenerlebnis in diesem Abenteuer miteinander zu verbinden bzw. zu erleben. Mittlerweile konnte ich die <a href=\"http:\/\/bmv.adventjugend.de\/home\/\">Adventjugend Berlin-Mitteldeutschland<\/a> als \u00fcberregional t\u00e4tigen Christlichen Kinder- und Jugendverband als offiziellen Veranstalter gewinnen.<\/p>\n<p>In den letzten Jahren waren wir immer um die zehn bis f\u00fcnfzehn Starter im Alter von 20 bis 65 Jahren. 2014 bestritt sogar die erste Frau die anspruchsvolle Strecke.<br \/>\nUnser Motto ist ganz klar: &#8222;gemeinsam Starten, gemeinsam ankommen&#8220;. Wir fahren gr\u00f6\u00dftenteils in der Gruppe, machen gemeinsame Pausen und sp\u00e4testens auf jedem Berg gibt es ein Wiedersehen mit Gruppenfoto.<\/p>\n<p>Beste Gr\u00fc\u00dfe aus der sch\u00f6nen Berg- und\u00a0Greifensteinstadt\u00a0Ehrenfriedersdorf<\/p>\n","protected":false},"excerpt":{"rendered":"<p>Die Idee der Tour wurde von mir (Guntram Liebig) im Jahr 2009 als reine Privataktion geboren, gilt als absolute sportliche<\/p>\n","protected":false},"author":1,"featured_media":0,"parent":0,"menu_order":0,"comment_status":"closed","ping_status":"closed","template":"","meta":{"colormag_page_container_layout":"default_layout","colormag_page_sidebar_layout":"default_layout","footnotes":""},"class_list":["post-119","page","type-page","status-publish","hentry"],"_links":{"self":[{"href":"https:\/\/tapfere-schneiderlein-tour.de\/index.php?rest_route=\/wp\/v2\/pages\/119","targetHints":{"allow":["GET"]}}],"collection":[{"href":"https:\/\/tapfere-schneiderlein-tour.de\/index.php?rest_route=\/wp\/v2\/pages"}],"about":[{"href":"https:\/\/tapfere-schneiderlein-tour.de\/index.php?rest_route=\/wp\/v2\/types\/page"}],"author":[{"embeddable":true,"href":"https:\/\/tapfere-schneiderlein-tour.de\/index.php?rest_route=\/wp\/v2\/users\/1"}],"replies":[{"embeddable":true,"href":"https:\/\/tapfere-schneiderlein-tour.de\/index.php?rest_route=%2Fwp%2Fv2%2Fcomments&post=119"}],"version-history":[{"count":13,"href":"https:\/\/tapfere-schneiderlein-tour.de\/index.php?rest_route=\/wp\/v2\/pages\/119\/revisions"}],"predecessor-version":[{"id":530,"href":"https:\/\/tapfere-schneiderlein-tour.de\/index.php?rest_route=\/wp\/v2\/pages\/119\/revisions\/530"}],"wp:attachment":[{"href":"https:\/\/tapfere-schneiderlein-tour.de\/index.php?rest_route=%2Fwp%2Fv2%2Fmedia&parent=119"}],"curies":[{"name":"wp","href":"https:\/\/api.w.org\/{rel}","templated":true}]}}