{"id":72,"date":"2014-06-16T21:22:40","date_gmt":"2014-06-16T19:22:40","guid":{"rendered":"http:\/\/tapfere-schneiderlein-tour.de\/?page_id=72"},"modified":"2025-12-11T23:34:32","modified_gmt":"2025-12-11T21:34:32","slug":"ausschreibung","status":"publish","type":"page","link":"https:\/\/tapfere-schneiderlein-tour.de\/?page_id=72","title":{"rendered":"Ausschreibung"},"content":{"rendered":"<p style=\"text-align: justify;\">Falls ihr so <strong>tollk\u00fchn<\/strong> seid, um diese <strong>Herausforderung<\/strong> anzunehmen, dann seid mit kompletter <strong>\u201eKampfausr\u00fcstung\u201c<\/strong> (Fahrrad, Proviant, Ausweis usw.) am 05.07.2026 um 07:00 Uhr auf dem Markplatz der sch\u00f6nen Bergstadt Ehrenfriedersdorf. Dort werden wir mit weiteren Gef\u00e4hrten aufbrechen. Nach erfolgreicher Tour werden wir an unserem Ausgangspunkt wieder eintreffen (ca. 18:00 Uhr). Beachtet dabei, dass die Strecke nicht durchg\u00e4ngig rennradgeeignet ist.<\/p>\n<p style=\"text-align: justify;\">Bei Bedarf k\u00f6nnen auch Berge weggelassen und die Tour somit verk\u00fcrzt werden, was es \u201efast\u201c Jedem erm\u00f6glicht, die Tour mitzufahren.<\/p>\n<p style=\"text-align: justify;\"><span style=\"text-decoration: underline;\"><strong>Unkostenbeitrag:<\/strong><\/span> 10 \u20ac pro Schneiderlein f\u00fcr Begleitfahrzeug bzw. Besenwagen<\/p>\n<hr \/>\n<p style=\"text-align: center;\"><strong><span style=\"text-decoration: underline;\">Teilnahmebedingungen<\/span><\/strong><br \/>\n<strong> Die Tour erfolgt auf eigenes Risiko. Grunds\u00e4tzlich haftet Jeder f\u00fcr Sch\u00e4den, die von ihm verursacht werden. Jeder ist sich der hohen k\u00f6rperlichen Belastung bewusst.<\/strong><\/p>\n","protected":false},"excerpt":{"rendered":"<p>Falls ihr so tollk\u00fchn seid, um diese Herausforderung anzunehmen, dann seid mit kompletter \u201eKampfausr\u00fcstung\u201c (Fahrrad, Proviant, Ausweis usw.) am 05.07.2026<\/p>\n","protected":false},"author":1,"featured_media":0,"parent":0,"menu_order":0,"comment_status":"closed","ping_status":"closed","template":"","meta":{"colormag_page_container_layout":"default_layout","colormag_page_sidebar_layout":"default_layout","footnotes":""},"class_list":["post-72","page","type-page","status-publish","hentry"],"_links":{"self":[{"href":"https:\/\/tapfere-schneiderlein-tour.de\/index.php?rest_route=\/wp\/v2\/pages\/72","targetHints":{"allow":["GET"]}}],"collection":[{"href":"https:\/\/tapfere-schneiderlein-tour.de\/index.php?rest_route=\/wp\/v2\/pages"}],"about":[{"href":"https:\/\/tapfere-schneiderlein-tour.de\/index.php?rest_route=\/wp\/v2\/types\/page"}],"author":[{"embeddable":true,"href":"https:\/\/tapfere-schneiderlein-tour.de\/index.php?rest_route=\/wp\/v2\/users\/1"}],"replies":[{"embeddable":true,"href":"https:\/\/tapfere-schneiderlein-tour.de\/index.php?rest_route=%2Fwp%2Fv2%2Fcomments&post=72"}],"version-history":[{"count":20,"href":"https:\/\/tapfere-schneiderlein-tour.de\/index.php?rest_route=\/wp\/v2\/pages\/72\/revisions"}],"predecessor-version":[{"id":737,"href":"https:\/\/tapfere-schneiderlein-tour.de\/index.php?rest_route=\/wp\/v2\/pages\/72\/revisions\/737"}],"wp:attachment":[{"href":"https:\/\/tapfere-schneiderlein-tour.de\/index.php?rest_route=%2Fwp%2Fv2%2Fmedia&parent=72"}],"curies":[{"name":"wp","href":"https:\/\/api.w.org\/{rel}","templated":true}]}}